{"id":2096,"date":"2022-11-14T11:30:18","date_gmt":"2022-11-14T11:30:18","guid":{"rendered":"https:\/\/www.hereticherbsliqueur.com\/?post_type=product&#038;p=2096"},"modified":"2025-12-16T06:51:12","modified_gmt":"2025-12-16T06:51:12","slug":"heretic","status":"publish","type":"product","link":"https:\/\/www.hereticherbsliqueur.com\/es\/product\/heretic\/","title":{"rendered":"Heretic herbs liqueur"},"content":{"rendered":"","protected":false},"excerpt":{"rendered":"<h5><span style=\"color: #77a464;\">Botella Heretic 70 cl. 33% Vol.<\/span><\/h5>\n<p>Heretic es un licor que nace en los Pirineos a mediados del siglo XIX de la mano de Jean Teichenn\u00e9, hecho con la destilaci\u00f3n de las mejores hierbas y bot\u00e1nicos de la zona. Godlike Spirit.<\/p>\n<p><strong>Elegido mejor licor de hierbas del mundo en 2021 por la ISWC.<\/strong><br \/>\n<strong>Medalla de Oro en el Frankfurt International Trophy 2022.<\/strong><\/p>\n<p><strong>Heretic<\/strong> contiene 36 tipos de bot\u00e1nicos diferentes entre hierbas estomacales, flores, semillas, frutos y especias. De estos bot\u00e1nicos podemos destacar el romero, tomillo, an\u00eds estrellado, la genciana y la piel de naranja.<\/p>\n","protected":false},"featured_media":3236,"comment_status":"open","ping_status":"closed","template":"","meta":[],"product_brand":[],"product_cat":[117],"product_tag":[],"class_list":{"0":"post-2096","1":"product","2":"type-product","3":"status-publish","4":"has-post-thumbnail","6":"product_cat-licor-de-hierbas","8":"first","9":"instock","10":"sale","11":"taxable","12":"shipping-taxable","13":"purchasable","14":"product-type-simple"},"yoast_head":"<!-- This site is optimized with the Yoast SEO plugin v27.2 - https:\/\/yoast.com\/product\/yoast-seo-wordpress\/ -->\n<title>Heretic herbs liqueur - Heretic Herbs Liqueur<\/title>\n<meta name=\"robots\" content=\"index, follow, max-snippet:-1, max-image-preview:large, max-video-preview:-1\" \/>\n<link rel=\"canonical\" href=\"https:\/\/www.hereticherbsliqueur.com\/es\/product\/heretic\/\" \/>\n<meta property=\"og:locale\" content=\"es_ES\" \/>\n<meta property=\"og:type\" content=\"article\" \/>\n<meta property=\"og:title\" content=\"Heretic herbs liqueur - Heretic Herbs Liqueur\" \/>\n<meta property=\"og:description\" content=\"Botella Heretic 70 cl. 33% Vol. Heretic es un licor que nace en los Pirineos a mediados del siglo XIX de la mano de Jean Teichenn\u00e9, hecho con la destilaci\u00f3n de las mejores hierbas y bot\u00e1nicos de la zona. Godlike Spirit. Elegido mejor licor de hierbas del mundo en 2021 por la ISWC. Medalla de Oro en el Frankfurt International Trophy 2022. Heretic contiene 36 tipos de bot\u00e1nicos diferentes entre hierbas estomacales, flores, semillas, frutos y especias. De estos bot\u00e1nicos podemos destacar el romero, tomillo, an\u00eds estrellado, la genciana y la piel de naranja.\" \/>\n<meta property=\"og:url\" content=\"https:\/\/www.hereticherbsliqueur.com\/es\/product\/heretic\/\" \/>\n<meta property=\"og:site_name\" content=\"Heretic Herbs Liqueur\" \/>\n<meta property=\"article:modified_time\" content=\"2025-12-16T06:51:12+00:00\" \/>\n<meta property=\"og:image\" content=\"https:\/\/i0.wp.com\/www.hereticherbsliqueur.com\/wp-content\/uploads\/2022\/11\/Heretic-Ampolla-01.jpg?fit=2500%2C1668&ssl=1\" \/>\n\t<meta property=\"og:image:width\" content=\"2500\" \/>\n\t<meta property=\"og:image:height\" content=\"1668\" \/>\n\t<meta property=\"og:image:type\" content=\"image\/jpeg\" \/>\n<meta name=\"twitter:card\" content=\"summary_large_image\" \/>\n<script type=\"application\/ld+json\" class=\"yoast-schema-graph\">{\"@context\":\"https:\/\/schema.org\",\"@graph\":[{\"@type\":\"WebPage\",\"@id\":\"https:\/\/www.hereticherbsliqueur.com\/es\/product\/heretic\/\",\"url\":\"https:\/\/www.hereticherbsliqueur.com\/es\/product\/heretic\/\",\"name\":\"Heretic herbs liqueur - Heretic Herbs Liqueur\",\"isPartOf\":{\"@id\":\"http:\/\/www.hereticherbsliqueur.com\/#website\"},\"primaryImageOfPage\":{\"@id\":\"https:\/\/www.hereticherbsliqueur.com\/es\/product\/heretic\/#primaryimage\"},\"image\":{\"@id\":\"https:\/\/www.hereticherbsliqueur.com\/es\/product\/heretic\/#primaryimage\"},\"thumbnailUrl\":\"https:\/\/i0.wp.com\/www.hereticherbsliqueur.com\/wp-content\/uploads\/2022\/11\/Heretic-Ampolla-01.jpg?fit=2500%2C1668&ssl=1\",\"datePublished\":\"2022-11-14T11:30:18+00:00\",\"dateModified\":\"2025-12-16T06:51:12+00:00\",\"breadcrumb\":{\"@id\":\"https:\/\/www.hereticherbsliqueur.com\/es\/product\/heretic\/#breadcrumb\"},\"inLanguage\":\"es\",\"potentialAction\":[{\"@type\":\"ReadAction\",\"target\":[\"https:\/\/www.hereticherbsliqueur.com\/es\/product\/heretic\/\"]}]},{\"@type\":\"ImageObject\",\"inLanguage\":\"es\",\"@id\":\"https:\/\/www.hereticherbsliqueur.com\/es\/product\/heretic\/#primaryimage\",\"url\":\"https:\/\/i0.wp.com\/www.hereticherbsliqueur.com\/wp-content\/uploads\/2022\/11\/Heretic-Ampolla-01.jpg?fit=2500%2C1668&ssl=1\",\"contentUrl\":\"https:\/\/i0.wp.com\/www.hereticherbsliqueur.com\/wp-content\/uploads\/2022\/11\/Heretic-Ampolla-01.jpg?fit=2500%2C1668&ssl=1\",\"width\":2500,\"height\":1668},{\"@type\":\"BreadcrumbList\",\"@id\":\"https:\/\/www.hereticherbsliqueur.com\/es\/product\/heretic\/#breadcrumb\",\"itemListElement\":[{\"@type\":\"ListItem\",\"position\":1,\"name\":\"Inici\",\"item\":\"https:\/\/www.hereticherbsliqueur.com\/es\/\"},{\"@type\":\"ListItem\",\"position\":2,\"name\":\"Tienda\",\"item\":\"https:\/\/www.hereticherbsliqueur.com\/es\/tienda\/\"},{\"@type\":\"ListItem\",\"position\":3,\"name\":\"Heretic herbs liqueur\"}]},{\"@type\":\"WebSite\",\"@id\":\"http:\/\/www.hereticherbsliqueur.com\/#website\",\"url\":\"http:\/\/www.hereticherbsliqueur.com\/\",\"name\":\"Heretic Herbs Liqueur\",\"description\":\"Since 1856\",\"potentialAction\":[{\"@type\":\"SearchAction\",\"target\":{\"@type\":\"EntryPoint\",\"urlTemplate\":\"http:\/\/www.hereticherbsliqueur.com\/?s={search_term_string}\"},\"query-input\":{\"@type\":\"PropertyValueSpecification\",\"valueRequired\":true,\"valueName\":\"search_term_string\"}}],\"inLanguage\":\"es\"}]}<\/script>\n<!-- \/ Yoast SEO plugin. -->","yoast_head_json":{"title":"Heretic herbs liqueur - Heretic Herbs Liqueur","robots":{"index":"index","follow":"follow","max-snippet":"max-snippet:-1","max-image-preview":"max-image-preview:large","max-video-preview":"max-video-preview:-1"},"canonical":"https:\/\/www.hereticherbsliqueur.com\/es\/product\/heretic\/","og_locale":"es_ES","og_type":"article","og_title":"Heretic herbs liqueur - Heretic Herbs Liqueur","og_description":"Botella Heretic 70 cl. 33% Vol. Heretic es un licor que nace en los Pirineos a mediados del siglo XIX de la mano de Jean Teichenn\u00e9, hecho con la destilaci\u00f3n de las mejores hierbas y bot\u00e1nicos de la zona. Godlike Spirit. Elegido mejor licor de hierbas del mundo en 2021 por la ISWC. Medalla de Oro en el Frankfurt International Trophy 2022. Heretic contiene 36 tipos de bot\u00e1nicos diferentes entre hierbas estomacales, flores, semillas, frutos y especias. De estos bot\u00e1nicos podemos destacar el romero, tomillo, an\u00eds estrellado, la genciana y la piel de naranja.","og_url":"https:\/\/www.hereticherbsliqueur.com\/es\/product\/heretic\/","og_site_name":"Heretic Herbs Liqueur","article_modified_time":"2025-12-16T06:51:12+00:00","og_image":[{"width":2500,"height":1668,"url":"https:\/\/i0.wp.com\/www.hereticherbsliqueur.com\/wp-content\/uploads\/2022\/11\/Heretic-Ampolla-01.jpg?fit=2500%2C1668&ssl=1","type":"image\/jpeg"}],"twitter_card":"summary_large_image","schema":{"@context":"https:\/\/schema.org","@graph":[{"@type":"WebPage","@id":"https:\/\/www.hereticherbsliqueur.com\/es\/product\/heretic\/","url":"https:\/\/www.hereticherbsliqueur.com\/es\/product\/heretic\/","name":"Heretic herbs liqueur - Heretic Herbs Liqueur","isPartOf":{"@id":"http:\/\/www.hereticherbsliqueur.com\/#website"},"primaryImageOfPage":{"@id":"https:\/\/www.hereticherbsliqueur.com\/es\/product\/heretic\/#primaryimage"},"image":{"@id":"https:\/\/www.hereticherbsliqueur.com\/es\/product\/heretic\/#primaryimage"},"thumbnailUrl":"https:\/\/i0.wp.com\/www.hereticherbsliqueur.com\/wp-content\/uploads\/2022\/11\/Heretic-Ampolla-01.jpg?fit=2500%2C1668&ssl=1","datePublished":"2022-11-14T11:30:18+00:00","dateModified":"2025-12-16T06:51:12+00:00","breadcrumb":{"@id":"https:\/\/www.hereticherbsliqueur.com\/es\/product\/heretic\/#breadcrumb"},"inLanguage":"es","potentialAction":[{"@type":"ReadAction","target":["https:\/\/www.hereticherbsliqueur.com\/es\/product\/heretic\/"]}]},{"@type":"ImageObject","inLanguage":"es","@id":"https:\/\/www.hereticherbsliqueur.com\/es\/product\/heretic\/#primaryimage","url":"https:\/\/i0.wp.com\/www.hereticherbsliqueur.com\/wp-content\/uploads\/2022\/11\/Heretic-Ampolla-01.jpg?fit=2500%2C1668&ssl=1","contentUrl":"https:\/\/i0.wp.com\/www.hereticherbsliqueur.com\/wp-content\/uploads\/2022\/11\/Heretic-Ampolla-01.jpg?fit=2500%2C1668&ssl=1","width":2500,"height":1668},{"@type":"BreadcrumbList","@id":"https:\/\/www.hereticherbsliqueur.com\/es\/product\/heretic\/#breadcrumb","itemListElement":[{"@type":"ListItem","position":1,"name":"Inici","item":"https:\/\/www.hereticherbsliqueur.com\/es\/"},{"@type":"ListItem","position":2,"name":"Tienda","item":"https:\/\/www.hereticherbsliqueur.com\/es\/tienda\/"},{"@type":"ListItem","position":3,"name":"Heretic herbs liqueur"}]},{"@type":"WebSite","@id":"http:\/\/www.hereticherbsliqueur.com\/#website","url":"http:\/\/www.hereticherbsliqueur.com\/","name":"Heretic Herbs Liqueur","description":"Since 1856","potentialAction":[{"@type":"SearchAction","target":{"@type":"EntryPoint","urlTemplate":"http:\/\/www.hereticherbsliqueur.com\/?s={search_term_string}"},"query-input":{"@type":"PropertyValueSpecification","valueRequired":true,"valueName":"search_term_string"}}],"inLanguage":"es"}]}},"jetpack_sharing_enabled":true,"_links":{"self":[{"href":"https:\/\/www.hereticherbsliqueur.com\/es\/wp-json\/wp\/v2\/product\/2096","targetHints":{"allow":["GET"]}}],"collection":[{"href":"https:\/\/www.hereticherbsliqueur.com\/es\/wp-json\/wp\/v2\/product"}],"about":[{"href":"https:\/\/www.hereticherbsliqueur.com\/es\/wp-json\/wp\/v2\/types\/product"}],"replies":[{"embeddable":true,"href":"https:\/\/www.hereticherbsliqueur.com\/es\/wp-json\/wp\/v2\/comments?post=2096"}],"wp:featuredmedia":[{"embeddable":true,"href":"https:\/\/www.hereticherbsliqueur.com\/es\/wp-json\/wp\/v2\/media\/3236"}],"wp:attachment":[{"href":"https:\/\/www.hereticherbsliqueur.com\/es\/wp-json\/wp\/v2\/media?parent=2096"}],"wp:term":[{"taxonomy":"product_brand","embeddable":true,"href":"https:\/\/www.hereticherbsliqueur.com\/es\/wp-json\/wp\/v2\/product_brand?post=2096"},{"taxonomy":"product_cat","embeddable":true,"href":"https:\/\/www.hereticherbsliqueur.com\/es\/wp-json\/wp\/v2\/product_cat?post=2096"},{"taxonomy":"product_tag","embeddable":true,"href":"https:\/\/www.hereticherbsliqueur.com\/es\/wp-json\/wp\/v2\/product_tag?post=2096"}],"curies":[{"name":"wp","href":"https:\/\/api.w.org\/{rel}","templated":true}]}}